{"id":35,"date":"2022-11-22T15:45:09","date_gmt":"2022-11-22T14:45:09","guid":{"rendered":"https:\/\/www.insiemelombardia.it\/?page_id=35"},"modified":"2023-02-05T15:02:08","modified_gmt":"2023-02-05T14:02:08","slug":"insieme-lombardia","status":"publish","type":"page","link":"https:\/\/www.insiemelombardia.it\/","title":{"rendered":"INSIEME LOMBARDIA"},"content":{"rendered":"\n<p class=\"has-text-align-left\">Insieme \u00e8 il partito nuovo per cambiare non solo l&#8217;Italia e l&#8217;Europa, ma anche la Lombardia. Ci impegniamo concretamente per la nostra Regione. <\/p>\n\n\n\n<p><\/p>\n\n\n\n<figure class=\"wp-block-image size-large\"><img loading=\"lazy\" decoding=\"async\" width=\"1024\" height=\"683\" src=\"https:\/\/www.insiemelombardia.it\/wp-content\/uploads\/2022\/11\/Polish_20221122_234944886-1024x683.jpg\" alt=\"\" class=\"wp-image-78\" srcset=\"https:\/\/www.insiemelombardia.it\/wp-content\/uploads\/2022\/11\/Polish_20221122_234944886-1024x683.jpg 1024w, https:\/\/www.insiemelombardia.it\/wp-content\/uploads\/2022\/11\/Polish_20221122_234944886-300x200.jpg 300w, https:\/\/www.insiemelombardia.it\/wp-content\/uploads\/2022\/11\/Polish_20221122_234944886-768x512.jpg 768w, https:\/\/www.insiemelombardia.it\/wp-content\/uploads\/2022\/11\/Polish_20221122_234944886-1536x1024.jpg 1536w, https:\/\/www.insiemelombardia.it\/wp-content\/uploads\/2022\/11\/Polish_20221122_234944886.jpg 2048w\" sizes=\"auto, (max-width: 1024px) 100vw, 1024px\" \/><figcaption class=\"wp-element-caption\">Insieme per la Lombardia<\/figcaption><\/figure>\n\n\n\n<p><strong>ESISTE UN MODELLO ALTERNATIVO PER LA LOMBARDIA?<\/strong><\/p>\n\n\n\n<p>Da dieci anni in Lombardia l&#8217;alternativa \u00e8 stata secca: individualismo amorale da una parte e populismo rancoroso dall&#8217;altra. Ogni elezione regionale si \u00e8 giocata su questi punti, implicando che l&#8217;unica forma di socialit\u00e0 ammessa fosse quella che nega la realt\u00e0 o quella che ne ha una devastante paura. E per chiunque si occupasse, seriamente, di terzo settore, di impresa etica, di sanit\u00e0 territoriale, il senso di vuoto \u00e8 andato aumentando. Quello che mancava, prima dei risvolti economici, era un modello di socialit\u00e0 che consentisse di esaltare la speranza, non la paura, le eccellenze, non la protesta, la persona e non l&#8217;individuo, perso tra i fantasmi del proprio cuore.<\/p>\n\n\n\n<p>Oggi abbiamo un orizzonte che ci consente di sperare e valutare in modo nuovo le priorit\u00e0 che la realt\u00e0 ci impone di affrontare, per costruire una Lombardia popolare, realmente sociale e lontana da ogni populismo.<\/p>\n","protected":false},"excerpt":{"rendered":"<p>Insieme \u00e8 il partito nuovo per cambiare non solo l&#8217;Italia e l&#8217;Europa, ma anche la Lombardia. Ci impegniamo concretamente per la nostra Regione. ESISTE UN MODELLO ALTERNATIVO PER LA LOMBARDIA? Da dieci anni in Lombardia l&#8217;alternativa \u00e8 stata secca: individualismo amorale da una parte e populismo rancoroso dall&#8217;altra. Ogni elezione regionale si \u00e8 giocata su [&hellip;]<\/p>\n","protected":false},"author":1,"featured_media":0,"parent":0,"menu_order":0,"comment_status":"closed","ping_status":"closed","template":"","meta":{"_coblocks_attr":"","_coblocks_dimensions":"","_coblocks_responsive_height":"","_coblocks_accordion_ie_support":"","hide_page_title":"","footnotes":""},"class_list":["post-35","page","type-page","status-publish","hentry"],"_links":{"self":[{"href":"https:\/\/www.insiemelombardia.it\/index.php\/wp-json\/wp\/v2\/pages\/35","targetHints":{"allow":["GET"]}}],"collection":[{"href":"https:\/\/www.insiemelombardia.it\/index.php\/wp-json\/wp\/v2\/pages"}],"about":[{"href":"https:\/\/www.insiemelombardia.it\/index.php\/wp-json\/wp\/v2\/types\/page"}],"author":[{"embeddable":true,"href":"https:\/\/www.insiemelombardia.it\/index.php\/wp-json\/wp\/v2\/users\/1"}],"replies":[{"embeddable":true,"href":"https:\/\/www.insiemelombardia.it\/index.php\/wp-json\/wp\/v2\/comments?post=35"}],"version-history":[{"count":19,"href":"https:\/\/www.insiemelombardia.it\/index.php\/wp-json\/wp\/v2\/pages\/35\/revisions"}],"predecessor-version":[{"id":186,"href":"https:\/\/www.insiemelombardia.it\/index.php\/wp-json\/wp\/v2\/pages\/35\/revisions\/186"}],"wp:attachment":[{"href":"https:\/\/www.insiemelombardia.it\/index.php\/wp-json\/wp\/v2\/media?parent=35"}],"curies":[{"name":"wp","href":"https:\/\/api.w.org\/{rel}","templated":true}]}}