{"id":30,"date":"2022-11-22T15:06:28","date_gmt":"2022-11-22T14:06:28","guid":{"rendered":"https:\/\/www.insiemelombardia.it\/?page_id=30"},"modified":"2022-12-22T09:47:43","modified_gmt":"2022-12-22T08:47:43","slug":"programma","status":"publish","type":"page","link":"https:\/\/www.insiemelombardia.it\/index.php\/programma\/","title":{"rendered":"Programma"},"content":{"rendered":"\n<p>Il nostro programma per la Lombardia \u00e8 focalizzato su <strong>sanit\u00e0<\/strong>, <strong>lavoro<\/strong>, <strong>cultura<\/strong> e <strong>ambiente<\/strong>: questi rappresentano i quattro punti cardinali che orientano l&#8217;attenzione e la cura delle scelte politiche di INSIEME per il governo della nostra Regione. La Lombardia necessita di un progetto politico che, mettendo al centro le persone, possa meglio sviluppare l&#8217;economia e favorire il progresso sociale, rafforzando i servizi (<strong>trasporti<\/strong> compresi) anche a livello locale, con un sostegno capillare ai nostri Comuni.<\/p>\n\n\n\n<p>Alla base del nostro orientamento e del nostro agire restano saldi i valori e le priorit\u00e0 del Popolarismo: rappresentanza politica nell&#8217;interesse della collettivit\u00e0, libera scelta delle persone, dialogo e confronto sui programmi, rispetto e tutela della vita, giustizia sociale e lotta alle diseguaglianze, dignit\u00e0 del lavoro, autonomia e responsabilit\u00e0 degli Enti locali, moralit\u00e0 nei comportamenti.<\/p>\n","protected":false},"excerpt":{"rendered":"<p>Il nostro programma per la Lombardia \u00e8 focalizzato su sanit\u00e0, lavoro, cultura e ambiente: questi rappresentano i quattro punti cardinali che orientano l&#8217;attenzione e la cura delle scelte politiche di INSIEME per il governo della nostra Regione. La Lombardia necessita di un progetto politico che, mettendo al centro le persone, possa meglio sviluppare l&#8217;economia e [&hellip;]<\/p>\n","protected":false},"author":1,"featured_media":0,"parent":0,"menu_order":0,"comment_status":"closed","ping_status":"closed","template":"","meta":{"_coblocks_attr":"","_coblocks_dimensions":"","_coblocks_responsive_height":"","_coblocks_accordion_ie_support":"","hide_page_title":"","footnotes":""},"class_list":["post-30","page","type-page","status-publish","hentry"],"_links":{"self":[{"href":"https:\/\/www.insiemelombardia.it\/index.php\/wp-json\/wp\/v2\/pages\/30","targetHints":{"allow":["GET"]}}],"collection":[{"href":"https:\/\/www.insiemelombardia.it\/index.php\/wp-json\/wp\/v2\/pages"}],"about":[{"href":"https:\/\/www.insiemelombardia.it\/index.php\/wp-json\/wp\/v2\/types\/page"}],"author":[{"embeddable":true,"href":"https:\/\/www.insiemelombardia.it\/index.php\/wp-json\/wp\/v2\/users\/1"}],"replies":[{"embeddable":true,"href":"https:\/\/www.insiemelombardia.it\/index.php\/wp-json\/wp\/v2\/comments?post=30"}],"version-history":[{"count":7,"href":"https:\/\/www.insiemelombardia.it\/index.php\/wp-json\/wp\/v2\/pages\/30\/revisions"}],"predecessor-version":[{"id":215,"href":"https:\/\/www.insiemelombardia.it\/index.php\/wp-json\/wp\/v2\/pages\/30\/revisions\/215"}],"wp:attachment":[{"href":"https:\/\/www.insiemelombardia.it\/index.php\/wp-json\/wp\/v2\/media?parent=30"}],"curies":[{"name":"wp","href":"https:\/\/api.w.org\/{rel}","templated":true}]}}